{"id":1752,"date":"2018-07-26T11:25:20","date_gmt":"2018-07-26T16:25:20","guid":{"rendered":"http:\/\/karatesportif.studiogrif.ca\/medias\/"},"modified":"2018-10-03T11:14:13","modified_gmt":"2018-10-03T16:14:13","slug":"medias","status":"publish","type":"page","link":"https:\/\/beta.karatesportif.com\/en\/medias\/","title":{"rendered":"Medias"},"content":{"rendered":"<section class=\"wpb-content-wrapper\">[mk_page_section bg_image=&#8221;https:\/\/karatesportif.com\/wp-content\/uploads\/2018\/06\/header_programme.jpg&#8221; bg_position=&#8221;center bottom&#8221; bg_repeat=&#8221;no-repeat&#8221; bg_stretch=&#8221;true&#8221; min_height=&#8221;0&#8243; full_width=&#8221;true&#8221; full_height=&#8221;true&#8221; el_class=&#8221;hero-page&#8221; sidebar=&#8221;sidebar-1&#8243;][vc_column width=&#8221;1\/12&#8243;][\/vc_column][vc_column width=&#8221;11\/12&#8243;][mk_fancy_title tag_name=&#8221;h1&#8243; color_style=&#8221;gradient_color&#8221; grandient_color_from=&#8221;#d60e23&#8243; grandient_color_to=&#8221;#283583&#8243; grandient_color_angle=&#8221;horizontal&#8221; grandient_color_fallback=&#8221;#283583&#8243; size=&#8221;100&#8243; force_font_size=&#8221;true&#8221; size_tablet=&#8221;70&#8243; font_weight=&#8221;bold&#8221; txt_transform=&#8221;uppercase&#8221; margin_bottom=&#8221;0&#8243; font_family=&#8221;none&#8221; animation=&#8221;top-to-bottom&#8221;]Medias[\/mk_fancy_title][mk_divider style=&#8221;thin_solid&#8221; divider_width=&#8221;custom_width&#8221; custom_width=&#8221;100&#8243; align=&#8221;left&#8221; thin_color_style=&#8221;gradient_color&#8221; thin_grandient_color_from=&#8221;#d60e23&#8243; thin_grandient_color_to=&#8221;#283583&#8243; thin_gradient_color_angle=&#8221;horizontal&#8221; thin_grandient_color_fallback=&#8221;#283583&#8243; thickness=&#8221;3&#8243; margin_bottom=&#8221;60&#8243; visibility=&#8221;hidden-sm&#8221; animation=&#8221;top-to-bottom&#8221;][\/vc_column][\/mk_page_section][vc_row][vc_column][mk_padding_divider size=&#8221;120&#8243;][\/vc_column][\/vc_row][vc_row][vc_column width=&#8221;1\/2&#8243;][vc_raw_html]PGlmcmFtZSBzcmM9Imh0dHBzOi8vd3d3LnlvdXR1YmUuY29tL2VtYmVkLzBQZHZGbDE2dHNJP3JlbD0wIiB3aWR0aD0iNTYwIiBoZWlnaHQ9IjMxNSIgZnJhbWVib3JkZXI9IjAiIGFsbG93ZnVsbHNjcmVlbj0iYWxsb3dmdWxsc2NyZWVuIj48L2lmcmFtZT4=[\/vc_raw_html][\/vc_column][vc_column width=&#8221;1\/2&#8243;][vc_raw_html]PGlmcmFtZSBzcmM9Imh0dHBzOi8vd3d3LnlvdXR1YmUuY29tL2VtYmVkLzFkWVNKbmJDWU5zP3JlbD0wIiB3aWR0aD0iNTYwIiBoZWlnaHQ9IjMxNSIgZnJhbWVib3JkZXI9IjAiIGFsbG93ZnVsbHNjcmVlbj0iYWxsb3dmdWxsc2NyZWVuIj48L2lmcmFtZT4=[\/vc_raw_html][\/vc_column][\/vc_row][vc_row][vc_column][mk_padding_divider size=&#8221;120&#8243;][\/vc_column][\/vc_row][mk_page_section bg_position=&#8221;left center&#8221; bg_repeat=&#8221;no-repeat&#8221; bg_gradient=&#8221;horizontal&#8221; video_color_mask=&#8221;#283583&#8243; gr_end=&#8221;#006db0&#8243; video_opacity=&#8221;1&#8243; padding_top=&#8221;70&#8243; padding_bottom=&#8221;50&#8243; has_top_shape_divider=&#8221;true&#8221; top_shape_color=&#8221;#ffffff&#8221; has_bottom_shape_divider=&#8221;true&#8221; bottom_shape_color=&#8221;#ffffff&#8221; sidebar=&#8221;sidebar-1&#8243;][vc_column width=&#8221;1\/12&#8243;][\/vc_column][vc_column width=&#8221;10\/12&#8243;][mk_fancy_title tag_name=&#8221;h3&#8243; color=&#8221;#ffffff&#8221; size=&#8221;36&#8243; font_weight=&#8221;300&#8243; txt_transform=&#8221;uppercase&#8221; letter_spacing=&#8221;2&#8243; margin_bottom=&#8221;0&#8243; font_family=&#8221;none&#8221; align=&#8221;center&#8221;]Want to see more videos? Go to our YouTube channel![\/mk_fancy_title][mk_divider style=&#8221;thin_solid&#8221; divider_width=&#8221;custom_width&#8221; custom_width=&#8221;100&#8243; thin_color_style=&#8221;gradient_color&#8221; thin_grandient_color_from=&#8221;#d60e23&#8243; thin_grandient_color_to=&#8221;#283583&#8243; thin_gradient_color_angle=&#8221;horizontal&#8221; thin_grandient_color_fallback=&#8221;#283583&#8243; thickness=&#8221;3&#8243; margin_bottom=&#8221;40&#8243; visibility=&#8221;hidden-sm&#8221;][mk_button_gradient dimension=&#8221;flat&#8221; size=&#8221;large&#8221; grandient_color_from=&#8221;#d60e23&#8243; grandient_color_to=&#8221;#d60e23&#8243; grandient_color_angle=&#8221;horizontal&#8221; grandient_color_fallback=&#8221;#283583&#8243; url=&#8221;https:\/\/www.youtube.com\/channel\/UCb8CfuH4DULPO4iE3l2wSPQ&#8221; target=&#8221;_blank&#8221; align=&#8221;center&#8221; margin_bottom=&#8221;0&#8243; margin_right=&#8221;20&#8243;]YOUTUBE CHANNEL[\/mk_button_gradient][\/vc_column][vc_column width=&#8221;1\/12&#8243;][\/vc_column][\/mk_page_section][vc_row][vc_column][mk_padding_divider size=&#8221;120&#8243;][\/vc_column][\/vc_row][vc_row][vc_column][mk_padding_divider size=&#8221;120&#8243;][\/vc_column][\/vc_row][vc_row fullwidth=&#8221;true&#8221;][vc_column][mk_divider style=&#8221;thin_solid&#8221; thin_color_style=&#8221;gradient_color&#8221; thin_grandient_color_from=&#8221;#d60e23&#8243; thin_grandient_color_to=&#8221;#283583&#8243; thin_gradient_color_angle=&#8221;horizontal&#8221; thin_grandient_color_fallback=&#8221;#283583&#8243; thickness=&#8221;3&#8243; margin_top=&#8221;&#8221; margin_bottom=&#8221;&#8221;][\/vc_column][\/vc_row]\n<\/section>","protected":false},"excerpt":{"rendered":"<p>[mk_page_section bg_image=&#8221;https:\/\/karatesportif.com\/wp-content\/uploads\/2018\/06\/header_programme.jpg&#8221; bg_position=&#8221;center bottom&#8221; bg_repeat=&#8221;no-repeat&#8221; bg_stretch=&#8221;true&#8221; min_height=&#8221;0&#8243; full_width=&#8221;true&#8221; full_height=&#8221;true&#8221; el_class=&#8221;hero-page&#8221; sidebar=&#8221;sidebar-1&#8243;][vc_column width=&#8221;1\/12&#8243;][\/vc_column][vc_column width=&#8221;11\/12&#8243;][mk_fancy_title tag_name=&#8221;h1&#8243; color_style=&#8221;gradient_color&#8221; grandient_color_from=&#8221;#d60e23&#8243; grandient_color_to=&#8221;#283583&#8243; grandient_color_angle=&#8221;horizontal&#8221; grandient_color_fallback=&#8221;#283583&#8243; size=&#8221;100&#8243; force_font_size=&#8221;true&#8221; size_tablet=&#8221;70&#8243; font_weight=&#8221;bold&#8221; txt_transform=&#8221;uppercase&#8221; margin_bottom=&#8221;0&#8243; font_family=&#8221;none&#8221; animation=&#8221;top-to-bottom&#8221;]Medias[\/mk_fancy_title][mk_divider style=&#8221;thin_solid&#8221; divider_width=&#8221;custom_width&#8221; custom_width=&#8221;100&#8243; [&hellip;]<\/p>\n","protected":false},"author":1,"featured_media":0,"parent":0,"menu_order":0,"comment_status":"closed","ping_status":"closed","template":"","meta":{"_acf_changed":false,"footnotes":""},"class_list":["post-1752","page","type-page","status-publish","hentry"],"acf":[],"yoast_head":"<!-- This site is optimized with the Yoast SEO plugin v27.3 - https:\/\/yoast.com\/product\/yoast-seo-wordpress\/ -->\n<title>M\u00e9dias - Karat\u00e9 Sportif<\/title>\n<meta name=\"description\" content=\"Groupe Karat\u00e9 Sportif media, including photos and videos\" \/>\n<meta name=\"robots\" content=\"noindex, follow, max-snippet:-1, max-image-preview:large, max-video-preview:-1\" \/>\n<meta property=\"og:locale\" content=\"en_US\" \/>\n<meta property=\"og:type\" content=\"article\" \/>\n<meta property=\"og:title\" content=\"M\u00e9dias - Karat\u00e9 Sportif\" \/>\n<meta property=\"og:description\" content=\"Groupe Karat\u00e9 Sportif media, including photos and videos\" \/>\n<meta property=\"og:url\" content=\"https:\/\/beta.karatesportif.com\/les-medias-du-groupe-karate-sportif\/\" \/>\n<meta property=\"og:site_name\" content=\"Karat\u00e9 Sportif\" \/>\n<meta property=\"article:modified_time\" content=\"2018-10-03T16:14:13+00:00\" \/>\n<meta name=\"twitter:card\" content=\"summary_large_image\" \/>\n<meta name=\"twitter:label1\" content=\"Est. reading time\" \/>\n\t<meta name=\"twitter:data1\" content=\"2 minutes\" \/>\n<script type=\"application\/ld+json\" class=\"yoast-schema-graph\">{\"@context\":\"https:\\\/\\\/schema.org\",\"@graph\":[{\"@type\":\"WebPage\",\"@id\":\"https:\\\/\\\/beta.karatesportif.com\\\/les-medias-du-groupe-karate-sportif\\\/\",\"url\":\"https:\\\/\\\/beta.karatesportif.com\\\/les-medias-du-groupe-karate-sportif\\\/\",\"name\":\"M\u00e9dias - Karat\u00e9 Sportif\",\"isPartOf\":{\"@id\":\"https:\\\/\\\/beta.karatesportif.com\\\/#website\"},\"datePublished\":\"2018-07-26T16:25:20+00:00\",\"dateModified\":\"2018-10-03T16:14:13+00:00\",\"description\":\"Groupe Karat\u00e9 Sportif media, including photos and videos\",\"breadcrumb\":{\"@id\":\"https:\\\/\\\/beta.karatesportif.com\\\/les-medias-du-groupe-karate-sportif\\\/#breadcrumb\"},\"inLanguage\":\"en-US\",\"potentialAction\":[{\"@type\":\"ReadAction\",\"target\":[\"https:\\\/\\\/beta.karatesportif.com\\\/les-medias-du-groupe-karate-sportif\\\/\"]}]},{\"@type\":\"BreadcrumbList\",\"@id\":\"https:\\\/\\\/beta.karatesportif.com\\\/les-medias-du-groupe-karate-sportif\\\/#breadcrumb\",\"itemListElement\":[{\"@type\":\"ListItem\",\"position\":1,\"name\":\"Accueil\",\"item\":\"https:\\\/\\\/beta.karatesportif.com\\\/\"},{\"@type\":\"ListItem\",\"position\":2,\"name\":\"Medias\"}]},{\"@type\":\"WebSite\",\"@id\":\"https:\\\/\\\/beta.karatesportif.com\\\/#website\",\"url\":\"https:\\\/\\\/beta.karatesportif.com\\\/\",\"name\":\"Karat\u00e9 Sportif\",\"description\":\"\",\"potentialAction\":[{\"@type\":\"SearchAction\",\"target\":{\"@type\":\"EntryPoint\",\"urlTemplate\":\"https:\\\/\\\/beta.karatesportif.com\\\/?s={search_term_string}\"},\"query-input\":{\"@type\":\"PropertyValueSpecification\",\"valueRequired\":true,\"valueName\":\"search_term_string\"}}],\"inLanguage\":\"en-US\"}]}<\/script>\n<!-- \/ Yoast SEO plugin. -->","yoast_head_json":{"title":"M\u00e9dias - Karat\u00e9 Sportif","description":"Groupe Karat\u00e9 Sportif media, including photos and videos","robots":{"index":"noindex","follow":"follow","max-snippet":"max-snippet:-1","max-image-preview":"max-image-preview:large","max-video-preview":"max-video-preview:-1"},"og_locale":"en_US","og_type":"article","og_title":"M\u00e9dias - Karat\u00e9 Sportif","og_description":"Groupe Karat\u00e9 Sportif media, including photos and videos","og_url":"https:\/\/beta.karatesportif.com\/les-medias-du-groupe-karate-sportif\/","og_site_name":"Karat\u00e9 Sportif","article_modified_time":"2018-10-03T16:14:13+00:00","twitter_card":"summary_large_image","twitter_misc":{"Est. reading time":"2 minutes"},"schema":{"@context":"https:\/\/schema.org","@graph":[{"@type":"WebPage","@id":"https:\/\/beta.karatesportif.com\/les-medias-du-groupe-karate-sportif\/","url":"https:\/\/beta.karatesportif.com\/les-medias-du-groupe-karate-sportif\/","name":"M\u00e9dias - Karat\u00e9 Sportif","isPartOf":{"@id":"https:\/\/beta.karatesportif.com\/#website"},"datePublished":"2018-07-26T16:25:20+00:00","dateModified":"2018-10-03T16:14:13+00:00","description":"Groupe Karat\u00e9 Sportif media, including photos and videos","breadcrumb":{"@id":"https:\/\/beta.karatesportif.com\/les-medias-du-groupe-karate-sportif\/#breadcrumb"},"inLanguage":"en-US","potentialAction":[{"@type":"ReadAction","target":["https:\/\/beta.karatesportif.com\/les-medias-du-groupe-karate-sportif\/"]}]},{"@type":"BreadcrumbList","@id":"https:\/\/beta.karatesportif.com\/les-medias-du-groupe-karate-sportif\/#breadcrumb","itemListElement":[{"@type":"ListItem","position":1,"name":"Accueil","item":"https:\/\/beta.karatesportif.com\/"},{"@type":"ListItem","position":2,"name":"Medias"}]},{"@type":"WebSite","@id":"https:\/\/beta.karatesportif.com\/#website","url":"https:\/\/beta.karatesportif.com\/","name":"Karat\u00e9 Sportif","description":"","potentialAction":[{"@type":"SearchAction","target":{"@type":"EntryPoint","urlTemplate":"https:\/\/beta.karatesportif.com\/?s={search_term_string}"},"query-input":{"@type":"PropertyValueSpecification","valueRequired":true,"valueName":"search_term_string"}}],"inLanguage":"en-US"}]}},"_links":{"self":[{"href":"https:\/\/beta.karatesportif.com\/en\/wp-json\/wp\/v2\/pages\/1752","targetHints":{"allow":["GET"]}}],"collection":[{"href":"https:\/\/beta.karatesportif.com\/en\/wp-json\/wp\/v2\/pages"}],"about":[{"href":"https:\/\/beta.karatesportif.com\/en\/wp-json\/wp\/v2\/types\/page"}],"author":[{"embeddable":true,"href":"https:\/\/beta.karatesportif.com\/en\/wp-json\/wp\/v2\/users\/1"}],"replies":[{"embeddable":true,"href":"https:\/\/beta.karatesportif.com\/en\/wp-json\/wp\/v2\/comments?post=1752"}],"version-history":[{"count":4,"href":"https:\/\/beta.karatesportif.com\/en\/wp-json\/wp\/v2\/pages\/1752\/revisions"}],"predecessor-version":[{"id":1941,"href":"https:\/\/beta.karatesportif.com\/en\/wp-json\/wp\/v2\/pages\/1752\/revisions\/1941"}],"wp:attachment":[{"href":"https:\/\/beta.karatesportif.com\/en\/wp-json\/wp\/v2\/media?parent=1752"}],"curies":[{"name":"wp","href":"https:\/\/api.w.org\/{rel}","templated":true}]}}